{"id":787,"date":"2018-01-25T12:47:56","date_gmt":"2018-01-25T11:47:56","guid":{"rendered":"https:\/\/startup-anwalt.at\/stages\/"},"modified":"2020-03-05T22:15:33","modified_gmt":"2020-03-05T21:15:33","slug":"stages","status":"publish","type":"page","link":"https:\/\/startup-anwalt.at\/en\/stages\/","title":{"rendered":"Stages"},"content":{"rendered":"","protected":false},"excerpt":{"rendered":"","protected":false},"author":2,"featured_media":0,"parent":0,"menu_order":0,"comment_status":"closed","ping_status":"closed","template":"","meta":{"_acf_changed":false,"inline_featured_image":false,"footnotes":""},"class_list":["post-787","page","type-page","status-publish","hentry"],"acf":[],"yoast_head":"<!-- This site is optimized with the Yoast SEO plugin v26.5 - https:\/\/yoast.com\/wordpress\/plugins\/seo\/ -->\n<title>Stages - Dein Startup Anwalt by LPA Law Vienna<\/title>\n<meta name=\"description\" content=\"Jede Unternehmensphase hat auch\u00a0ihre rechtlichen Herausforderungen. Wir unterst\u00fctzen dich gerne! Erfahre hier alles \u00fcber die relevanten Themen f\u00fcr Startups.\" \/>\n<meta name=\"robots\" content=\"index, follow, max-snippet:-1, max-image-preview:large, max-video-preview:-1\" \/>\n<link rel=\"canonical\" href=\"https:\/\/startup-anwalt.at\/en\/stages\/\" \/>\n<script type=\"application\/ld+json\" class=\"yoast-schema-graph\">{\"@context\":\"https:\/\/schema.org\",\"@graph\":[{\"@type\":\"WebPage\",\"@id\":\"https:\/\/startup-anwalt.at\/en\/stages\/\",\"url\":\"https:\/\/startup-anwalt.at\/en\/stages\/\",\"name\":\"Stages - Dein Startup Anwalt by LPA Law Vienna\",\"isPartOf\":{\"@id\":\"https:\/\/startup-anwalt.at\/en\/#website\"},\"datePublished\":\"2018-01-25T11:47:56+00:00\",\"dateModified\":\"2020-03-05T21:15:33+00:00\",\"description\":\"Jede Unternehmensphase hat auch\u00a0ihre rechtlichen Herausforderungen. Wir unterst\u00fctzen dich gerne! Erfahre hier alles \u00fcber die relevanten Themen f\u00fcr Startups.\",\"breadcrumb\":{\"@id\":\"https:\/\/startup-anwalt.at\/en\/stages\/#breadcrumb\"},\"inLanguage\":\"en-US\",\"potentialAction\":[{\"@type\":\"ReadAction\",\"target\":[\"https:\/\/startup-anwalt.at\/en\/stages\/\"]}]},{\"@type\":\"BreadcrumbList\",\"@id\":\"https:\/\/startup-anwalt.at\/en\/stages\/#breadcrumb\",\"itemListElement\":[{\"@type\":\"ListItem\",\"position\":1,\"name\":\"Startseite\",\"item\":\"https:\/\/startup-anwalt.at\/en\/\"},{\"@type\":\"ListItem\",\"position\":2,\"name\":\"Stages\"}]},{\"@type\":\"WebSite\",\"@id\":\"https:\/\/startup-anwalt.at\/en\/#website\",\"url\":\"https:\/\/startup-anwalt.at\/en\/\",\"name\":\"Startup Anwalt by LPA Law Vienna\",\"description\":\"Beratung in allen Unternehmensphasen\",\"publisher\":{\"@id\":\"https:\/\/startup-anwalt.at\/en\/#organization\"},\"potentialAction\":[{\"@type\":\"SearchAction\",\"target\":{\"@type\":\"EntryPoint\",\"urlTemplate\":\"https:\/\/startup-anwalt.at\/en\/?s={search_term_string}\"},\"query-input\":{\"@type\":\"PropertyValueSpecification\",\"valueRequired\":true,\"valueName\":\"search_term_string\"}}],\"inLanguage\":\"en-US\"},{\"@type\":\"Organization\",\"@id\":\"https:\/\/startup-anwalt.at\/en\/#organization\",\"name\":\"H\u00f6hne in der Maur\",\"url\":\"https:\/\/startup-anwalt.at\/en\/\",\"logo\":{\"@type\":\"ImageObject\",\"inLanguage\":\"en-US\",\"@id\":\"https:\/\/startup-anwalt.at\/en\/#\/schema\/logo\/image\/\",\"url\":\"https:\/\/startup-anwalt.at\/wp-content\/uploads\/logo_w150@2x.png\",\"contentUrl\":\"https:\/\/startup-anwalt.at\/wp-content\/uploads\/logo_w150@2x.png\",\"width\":300,\"height\":151,\"caption\":\"H\u00f6hne in der Maur\"},\"image\":{\"@id\":\"https:\/\/startup-anwalt.at\/en\/#\/schema\/logo\/image\/\"}}]}<\/script>\n<!-- \/ Yoast SEO plugin. -->","yoast_head_json":{"title":"Stages - Dein Startup Anwalt by LPA Law Vienna","description":"Jede Unternehmensphase hat auch\u00a0ihre rechtlichen Herausforderungen. Wir unterst\u00fctzen dich gerne! Erfahre hier alles \u00fcber die relevanten Themen f\u00fcr Startups.","robots":{"index":"index","follow":"follow","max-snippet":"max-snippet:-1","max-image-preview":"max-image-preview:large","max-video-preview":"max-video-preview:-1"},"canonical":"https:\/\/startup-anwalt.at\/en\/stages\/","schema":{"@context":"https:\/\/schema.org","@graph":[{"@type":"WebPage","@id":"https:\/\/startup-anwalt.at\/en\/stages\/","url":"https:\/\/startup-anwalt.at\/en\/stages\/","name":"Stages - Dein Startup Anwalt by LPA Law Vienna","isPartOf":{"@id":"https:\/\/startup-anwalt.at\/en\/#website"},"datePublished":"2018-01-25T11:47:56+00:00","dateModified":"2020-03-05T21:15:33+00:00","description":"Jede Unternehmensphase hat auch\u00a0ihre rechtlichen Herausforderungen. Wir unterst\u00fctzen dich gerne! Erfahre hier alles \u00fcber die relevanten Themen f\u00fcr Startups.","breadcrumb":{"@id":"https:\/\/startup-anwalt.at\/en\/stages\/#breadcrumb"},"inLanguage":"en-US","potentialAction":[{"@type":"ReadAction","target":["https:\/\/startup-anwalt.at\/en\/stages\/"]}]},{"@type":"BreadcrumbList","@id":"https:\/\/startup-anwalt.at\/en\/stages\/#breadcrumb","itemListElement":[{"@type":"ListItem","position":1,"name":"Startseite","item":"https:\/\/startup-anwalt.at\/en\/"},{"@type":"ListItem","position":2,"name":"Stages"}]},{"@type":"WebSite","@id":"https:\/\/startup-anwalt.at\/en\/#website","url":"https:\/\/startup-anwalt.at\/en\/","name":"Startup Anwalt by LPA Law Vienna","description":"Beratung in allen Unternehmensphasen","publisher":{"@id":"https:\/\/startup-anwalt.at\/en\/#organization"},"potentialAction":[{"@type":"SearchAction","target":{"@type":"EntryPoint","urlTemplate":"https:\/\/startup-anwalt.at\/en\/?s={search_term_string}"},"query-input":{"@type":"PropertyValueSpecification","valueRequired":true,"valueName":"search_term_string"}}],"inLanguage":"en-US"},{"@type":"Organization","@id":"https:\/\/startup-anwalt.at\/en\/#organization","name":"H\u00f6hne in der Maur","url":"https:\/\/startup-anwalt.at\/en\/","logo":{"@type":"ImageObject","inLanguage":"en-US","@id":"https:\/\/startup-anwalt.at\/en\/#\/schema\/logo\/image\/","url":"https:\/\/startup-anwalt.at\/wp-content\/uploads\/logo_w150@2x.png","contentUrl":"https:\/\/startup-anwalt.at\/wp-content\/uploads\/logo_w150@2x.png","width":300,"height":151,"caption":"H\u00f6hne in der Maur"},"image":{"@id":"https:\/\/startup-anwalt.at\/en\/#\/schema\/logo\/image\/"}}]}},"_links":{"self":[{"href":"https:\/\/startup-anwalt.at\/en\/wp-json\/wp\/v2\/pages\/787","targetHints":{"allow":["GET"]}}],"collection":[{"href":"https:\/\/startup-anwalt.at\/en\/wp-json\/wp\/v2\/pages"}],"about":[{"href":"https:\/\/startup-anwalt.at\/en\/wp-json\/wp\/v2\/types\/page"}],"author":[{"embeddable":true,"href":"https:\/\/startup-anwalt.at\/en\/wp-json\/wp\/v2\/users\/2"}],"replies":[{"embeddable":true,"href":"https:\/\/startup-anwalt.at\/en\/wp-json\/wp\/v2\/comments?post=787"}],"version-history":[{"count":8,"href":"https:\/\/startup-anwalt.at\/en\/wp-json\/wp\/v2\/pages\/787\/revisions"}],"predecessor-version":[{"id":1304,"href":"https:\/\/startup-anwalt.at\/en\/wp-json\/wp\/v2\/pages\/787\/revisions\/1304"}],"wp:attachment":[{"href":"https:\/\/startup-anwalt.at\/en\/wp-json\/wp\/v2\/media?parent=787"}],"curies":[{"name":"wp","href":"https:\/\/api.w.org\/{rel}","templated":true}]}}